{"id":1039,"date":"2023-05-02T06:56:34","date_gmt":"2023-05-02T06:56:34","guid":{"rendered":"https:\/\/demo.sparklewpthemes.com\/educenter\/sparkedu\/?page_id=1039"},"modified":"2024-04-17T10:00:55","modified_gmt":"2024-04-17T10:00:55","slug":"categories","status":"publish","type":"page","link":"https:\/\/www.kreacjajezyka.pl\/?page_id=1039","title":{"rendered":"FUNTOWN"},"content":{"rendered":"\n<figure class=\"wp-block-image alignwide\"><img decoding=\"async\" loading=\"lazy\" width=\"1640\" height=\"924\" src=\"https:\/\/www.kreacjajezyka.pl\/wp-content\/uploads\/2024\/04\/Zdjecie-w-tle-fb.png\" alt=\"\" class=\"wp-image-5950\" srcset=\"https:\/\/www.kreacjajezyka.pl\/wp-content\/uploads\/2024\/04\/Zdjecie-w-tle-fb.png 1640w, https:\/\/www.kreacjajezyka.pl\/wp-content\/uploads\/2024\/04\/Zdjecie-w-tle-fb-300x169.png 300w, https:\/\/www.kreacjajezyka.pl\/wp-content\/uploads\/2024\/04\/Zdjecie-w-tle-fb-1024x577.png 1024w, https:\/\/www.kreacjajezyka.pl\/wp-content\/uploads\/2024\/04\/Zdjecie-w-tle-fb-768x433.png 768w, https:\/\/www.kreacjajezyka.pl\/wp-content\/uploads\/2024\/04\/Zdjecie-w-tle-fb-1536x865.png 1536w\" sizes=\"(max-width: 1640px) 100vw, 1640px\" \/><\/figure>\n\n\n\n<div class=\"wp-block-group alignwide has-background is-layout-constrained\" style=\"background-color:#f9f9fb;margin-top:0;margin-bottom:0;padding-top:100px\">\n<div class=\"wp-block-columns alignwide is-layout-flex wp-container-1\"><\/div>\n\n\n\n<div class=\"wp-block-columns alignwide is-layout-flex wp-container-3\">\n<div class=\"wp-block-column is-layout-flow\">\n<p class=\"has-text-align-center\"><strong>FUNTOWN<\/strong><\/p>\n\n\n\n<p class=\"has-text-align-center\">Wyobra\u017a sobie kurs j\u0119zykowy, podczas kt\u00f3rego dzieci graj\u0105 w gr\u0119 planszow\u0105\u2026.<br>Wyobra\u017a sobie zaanga\u017cowane dzieci, kt\u00f3re nie czuj\u0105c, \u017ce si\u0119 ucz\u0105, wykonuj\u0105 setki<br>\u0107wicze\u0144 komunikacyjnych i przyswajaj\u0105 struktury gramatyczne. Dla nich to tylko gra.<br>Porywaj\u0105ca, zaskakuj\u0105ca, zabawna. Ale Ty dobrze wiesz, \u017ce dzi\u0119ki niej naucz\u0105 si\u0119<br>zadawa\u0107 pytania, prowadzi\u0107 dialogi w sklepie, zapyta\u0107 o drog\u0119, a tak\u017ce wy\u0107wicz\u0105<br>struktury gramatyczne i opanuj\u0105 s\u0142ownictwo, bez \u017cmudnych powt\u00f3rek i niezliczonych<br>kart pracy! Funtown to nauka przez zabaw\u0119 w najczystszej postaci! To dlatego<br>zamiast podr\u0119cznika dzieci maj\u0105 Gamebook, a zamiast kolejnego rozdzia\u0142u<br>zdobywaj\u0105 \u201cnext level\u201d!<br><br>Witaj w Funtown &#8211; miasteczku, kt\u00f3re ro\u015bnie razem z dzie\u0107mi!<br>Dzi\u0119ki Funtown dzieci widz\u0105 sw\u00f3j post\u0119p! Kolejno zdobywane plansze i nowe<br>mo\u017cliwo\u015bci w grze s\u0105 nagrod\u0105 za ich wysi\u0142ek! W dodatku Funtown nie polega na<br>rywalizacji! Owszem, ka\u017cdy ucze\u0144 zdobywa swoje punkty, ale cz\u0119\u015b\u0107 zada\u0144<br>wykonywana jest grupowo, a nagroda jest wsp\u00f3lna dla wszystkich &#8211; dzieci obserwuj\u0105<br>jak ro\u015bnie miasto, budowane przez ich wiedz\u0119 i umiej\u0119tno\u015bci! Zaczynamy od<br>zbudowania przedmie\u015b\u0107 Funville, poprzez \u017cywe uliczki Funtown, a\u017c po wielk\u0105<br>metropoli\u0119 &#8211; Funcity! Kolejna plansza jest zawsze tajemnic\u0105, kt\u00f3r\u0105 odkryj\u0105 dopiero,<br>gdy opanuj\u0105 materia\u0142 z poprzednich lekcji! Funtown w prosty spos\u00f3b uczy dzieci, \u017ce<br>nauka j\u0119zyka ma znaczenie dla ich przysz\u0142o\u015bci i przek\u0142ada si\u0119 w \u017cyciu m.in. na<br>rozw\u00f3j kariery.<\/p>\n\n\n\n<figure class=\"wp-block-image aligncenter\"><img decoding=\"async\" src=\"https:\/\/static.wixstatic.com\/media\/5212b0_20e53875fa3c41ab8fe33bf2f725bad3~mv2.jpg\/v1\/crop\/x_456,y_0,w_1137,h_1365\/fill\/w_403,h_360,al_c,q_80,usm_0.66_1.00_0.01,enc_auto\/_DSF8785_01%20(Copy).jpg\" alt=\"_DSF8785_01 (Copy).jpg\"\/><\/figure>\n\n\n\n<p class=\"has-text-align-center\">Opis poziom\u00f3w:<br>Funville (dla pocz\u0105tkuj\u0105cych) &#8211; dzieci 7-9 lat<br>Funville to dwa poziomy kursu dla pocz\u0105tkuj\u0105cych.<br>(Zakres materia\u0142u odpowiada egzaminom YLE &#8211; Starters)<br>W jego sk\u0142ad wchodzi:<br>\u25cf Podr\u0119cznik Funville 1 + 4 plansze<br>\u25cf Podr\u0119cznik Funville 2 + 4 plansze<br>Funville to niewielka osada, kt\u00f3ra kiedy\u015b zamieni si\u0119 w przedmie\u015bcia. Blisko<br>natury, wymarzone miejsce na pikniki w lesie i wycieczki na poblisk\u0105 farm\u0119. W<br>ma\u0142ych sklepikach mo\u017cemy kupowa\u0107 warzywa i owoce, a nawet zje\u015b\u0107<br>smako\u0142yki w lokalnym barze. \u017beby zosta\u0107 obywatelem Funville mo\u017cesz kupi\u0107<br>sobie jeden z niewielkich, wygodnych domk\u00f3w i cieszy\u0107 si\u0119 urokami ma\u0142ego<br>miasteczka. Poznasz te\u017c wsz\u0119dobylskie Fuzzy Friends: Watsona, Howarda,<br>Hugo i Werniego. Uwa\u017caj, je\u015bli trafisz na nie po drodze, lubi\u0105 zadawa\u0107<br>w\u015bcibskie pytania!<br>Funville zalecany jest dla dzieci, kt\u00f3re ju\u017c rozpocz\u0119\u0142y nauk\u0119 pisania i czytaj\u0105<br>ju\u017c w swoim j\u0119zyku.<br><br>Funtown ( poziom ponadpodstawowy)<br>dla dzieci w wieku 9-10 lat<br>Funtown to dwa poziomy kursu dla dzieci, kt\u00f3re opanowa\u0142y poziom<br>podstawowy. (Zakres materia\u0142u odpowiada egzaminom YLE &#8211;<br>Movers)<br>W jego sk\u0142ad wchodzi:<br>\u25cf Podr\u0119cznik Funtown 1 + 4 plansze<br>\u25cf Podr\u0119cznik Funtown 2 + 4 plansze<br>Dla dzieci, kt\u00f3re opanowa\u0142y ju\u017c podstawy i znaj\u0105 oko\u0142o 500-700 s\u0142\u00f3w i zwrot\u00f3w<br>polecamy wycieczk\u0119 do Funtown! Tu rozwin\u0105 swoje wypowiedzi, wciel\u0105 si\u0119 w<br>mieszka\u0144c\u00f3w miasteczka. Mog\u0105 robi\u0107 zakupy, pyta\u0107 o drog\u0119, rozwi\u0105zywa\u0107 problemy<br>mieszka\u0144c\u00f3w, trafi\u0105 te\u017c na archeologiczne wykopaliska! Opanuj\u0105 tak\u017ce podstawowe<br>czasy w j\u0119z. angielskim, \u0142\u0105cznie z Past Simple. Warto czasem tak\u017ce wybra\u0107 si\u0119 na<br>wycieczk\u0119 do pobliskiego Funville, do lasu lub na farm\u0119, by nacieszy\u0107 si\u0119 urokami<br>natury. Okazuje si\u0119, \u017ce Fuzzy Friends tak\u017ce lubi\u0105 pomieszkiwa\u0107 w Funtown!<br>Pogaw\u0119dzicie z nimi podczas porannego spaceru z psem, lub wycieczki do parku,<br>odpowiadaj\u0105c na dociekliwe pytania. Poznacie tak\u017ce kuzyn\u00f3w Watsona &#8211; to<br>Wynonna, Wendy, Whoosy i Wichita.<br>Na poziomie Funtown dzieci opanowuj\u0105 ok. 1000 s\u0142\u00f3w i zwrot\u00f3w!<\/p>\n\n\n\n<p class=\"has-text-align-center\">Funcity (dla zaawansowanych junior\u00f3w)<br>dzieci 10-12 lat<br>Funcity to dwa poziomy kursu dla dzieci, kt\u00f3re opanowa\u0142y poziom ponadpodstawowy.<br>(Zakres materia\u0142u odpowiada egzaminom YLE &#8211; Flyers)<br>W jego sk\u0142ad wchodzi:<br>\u25cf Podr\u0119cznik Funcity 1 + 4 plansze<br>\u25cf Podr\u0119cznik Funcity 2 + 4 plansze<br>Poniewa\u017c mieszka\u0144cy Funtown intensywnie pracowali nad rozwojem swoich<br>umiej\u0119tno\u015bci, uda\u0142o im si\u0119 rozbudowa\u0107 swoje miasto. Niegdy\u015b male\u0144ka osada<br>Funville nagle sta\u0142a si\u0119 metropoli\u0105! Wysokie wie\u017cowce drapi\u0105 chmury, a mieszka\u0144cy<br>mog\u0105 wybiera\u0107 mi\u0119dzy luksusowymi rezydencjami lub wspania\u0142ymi<br>apartamentowcami! Mog\u0105 tak\u017ce zyskiwa\u0107 zupe\u0142nie nowe kwalifikacje i zmienia\u0107<br>zawody na bardziej intratne, za\u0142o\u017cy\u0107 w\u0142asn\u0105 firm\u0119, handlowa\u0107 nieruchomo\u015bciami,<br>prowadzi\u0107 bank, lub prywatn\u0105 klinik\u0119!<br>Mo\u017cliwo\u015b\u0107 zamieszkania w Funcity jest nagrod\u0105 dla dzieci, kt\u00f3re ucz\u0105 si\u0119 j\u0119zyka ju\u017c<br>kilka lat! To miasto wielu mo\u017cliwo\u015bci! Karty akcji s\u0105 pe\u0142ne zabawnych zada\u0144. A<br>Fuzzy Friends zaskakuj\u0105 coraz bardziej rozbudowanymi pytaniami! Zapnijcie pasy,<br>przed nami kolejne czasy!<\/p>\n\n\n\n<figure class=\"wp-block-image aligncenter\"><img decoding=\"async\" src=\"https:\/\/static.wixstatic.com\/media\/5212b0_af4d9e116a1e43fe85d6099724fa58ac~mv2.jpg\/v1\/crop\/x_357,y_305,w_627,h_754\/fill\/w_403,h_360,al_c,q_80,usm_0.66_1.00_0.01,enc_auto\/_DSF8924%20(Copy).jpg\" alt=\"_DSF8924 (Copy).jpg\"\/><\/figure>\n\n\n\n<p class=\"has-text-align-center\">Gamebook &#8211; co\u015b wi\u0119cej ni\u017c podr\u0119cznik!<\/p>\n\n\n\n<p class=\"has-text-align-center\">Gamebook &#8211; to kompletna, ambitna ksi\u0105\u017cka, o sprawdzonym uk\u0142adzie.<br>Sprzyja on lepszemu przyswajaniu informacji! Ksi\u0105\u017cka ma zach\u0119ca\u0107, a nie<br>zniech\u0119ca\u0107 do nauki! Nie jest prze\u0142adowana kolorami, nie powoduje<br>oczopl\u0105su. Od razu te\u017c wida\u0107, co jest tematem danego \u0107wiczenia i jakie<br>umiej\u0119tno\u015bci mo\u017cna \u0107wiczy\u0107 na danej stronie dzi\u0119ki kolorom i ikonkom<br>zarezerwowanym na poszczeg\u00f3lne aktywno\u015bci. Gamebook jest tak<br>intuicyjny, \u017ce w\u0142a\u015bciwie mo\u017cna z niego korzysta\u0107 bez dodatkowych<br>instrukcji dla nauczyciela! Wygl\u0105da jak zbi\u00f3r kart pracy, gdzie ka\u017cda strona<br>po\u015bwi\u0119cona jest innemu \u0107wiczeniu b\u0105d\u017a zagadnieniu!<\/p>\n\n\n\n<p class=\"has-text-align-center\"><strong>FUNTOWN JUNIOR<\/strong><\/p>\n\n\n\n<p class=\"has-text-align-center\">Dwa metry u\u015bmiechu i rado\u015bci!<br>Nasza niesamowita g\u0105sienica, le\u017c\u0105ca na mi\u0119ciutkim li\u015bciu- sprawia, \u017ce ka\u017cda lekcja to niezwyk\u0142a przygoda! Jest tak d\u0142uga, \u017ce ka\u017cdy maluch w grupie mo\u017ce si\u0119 do niej przytuli\u0107!<\/p>\n\n\n\n<figure class=\"wp-block-image aligncenter\"><img decoding=\"async\" src=\"https:\/\/static.wixstatic.com\/media\/5212b0_b979959558fa4f67b6a1eca4d0e97e3c~mv2.jpg\/v1\/crop\/x_1432,y_0,w_3054,h_3946\/fill\/w_400,h_404,al_c,q_80,usm_0.66_1.00_0.01,enc_auto\/stronka7.jpg\" alt=\"stronka7.jpg\"\/><\/figure>\n\n\n\n<p class=\"has-text-align-center\">Yummy!<br>Przysmakiem g\u0105sienicy s\u0105 okr\u0105g\u0142e karty ze s\u0142\u00f3wkami! Im wi\u0119cej znamy s\u0142\u00f3wek, tym d\u0142u\u017csze g\u0105sienice mo\u017cemy z nich budowa\u0107!&nbsp;A nasz Caterpillar Box&nbsp; kryje jeszcze wi\u0119cej niespodzianek!<\/p>\n\n\n\n<figure class=\"wp-block-image aligncenter\"><img decoding=\"async\" src=\"https:\/\/static.wixstatic.com\/media\/5212b0_6b786206610e4f41953865a1b54fa07a~mv2.jpg\/v1\/crop\/x_451,y_0,w_3134,h_4052\/fill\/w_400,h_404,al_c,q_80,usm_0.66_1.00_0.01,enc_auto\/stronka2.jpg\" alt=\"stronka2.jpg\"\/><\/figure>\n\n\n\n<p class=\"has-text-align-center\">Gadaj\u0105ce ksi\u0105\u017ceczki pe\u0142ne historyjek!<br>Odkryjcie nasze interaktywne ksi\u0105\u017ceczki! Mo\u017cecie u\u017cy\u0107 aplikacji i pos\u0142uchac historyjek i piosenek&nbsp; nagranych przez brytyjskich aktor\u00f3w!<\/p>\n\n\n\n<figure class=\"wp-block-image aligncenter\"><img decoding=\"async\" src=\"https:\/\/static.wixstatic.com\/media\/5212b0_cc4efca3621c4283b1208b9d5f668d94~mv2.jpg\/v1\/fill\/w_400,h_404,al_c,q_80,usm_0.66_1.00_0.01,enc_auto\/331891369_749008329885106_5654372458539037315_n.jpg\" alt=\"331891369_749008329885106_5654372458539037315_n.jpg\"\/><\/figure>\n\n\n\n<p class=\"has-text-align-center\">Zestaw ucznia<br>To teczka ucznia pe\u0142na niespodzianek!<br>Ksi\u0105\u017ceczka, kolorowanka, magiczny pi\u00f3rnik i kredki!<br>Z takim zestawem ka\u017cdy przedszkolak dziarsko kroczy na zaj\u0119cia!<\/p>\n\n\n\n<h6 class=\"wp-block-heading has-text-align-center\">Czy Twoje dziecko jest gotowe<br>na nauk\u0119 angielskiego?<br><br>Zazwyczaj w wieku 3 lat maluch ju\u017c komunikuje si\u0119 w swoim j\u0119zyku. Mo\u017cesz zauwa\u017cy\u0107 wtedy, \u017ce ch\u0119tnie&nbsp; \u015bpiewa piosenki po angielsku, lub zaskakuje Ci\u0119 m\u00f3wi\u0105c jakie\u015b s\u0142\u00f3wka. To w\u0142a\u015bnie ten moment!<br><br>Na zaj\u0119ciach Funtown Junior dzieci<br>&#8211; ucz\u0105 si\u0119 j\u0119zyka naturalnie,<br>&#8211; poznaj\u0105 mn\u00f3stwo s\u0142\u00f3w, ale m\u00f3wi\u0105 ca\u0142ymi zdaniami<br>&#8211; \u015bwiat bajek i natury jest zgodny z ich zainteresowaniami<br>&#8211; z zapartym tchem \u015bledz\u0105 przygody ukochanej g\u0105sienicy<br>&#8211; najszybciej ucz\u0105 si\u0119 w grupie, na\u015bladuj\u0105c inne dzieci<br>&#8211; rocznie opanowuj\u0105 nawet 300 s\u0142\u00f3w i zwrot\u00f3w!<\/h6>\n<\/div>\n<\/div>\n<\/div>\n\n\n\n<div class=\"wp-block-group alignfull sp-position-relative has-background is-layout-constrained\" style=\"background-color:#f9f9fb;margin-top:0;margin-bottom:0;padding-top:200px;padding-right:0;padding-bottom:0;padding-left:0\">\n<figure class=\"wp-block-image alignfull\"><img decoding=\"async\" loading=\"lazy\" width=\"1640\" height=\"924\" src=\"https:\/\/www.kreacjajezyka.pl\/wp-content\/uploads\/2024\/04\/5-3.png\" alt=\"\" class=\"wp-image-5952\" srcset=\"https:\/\/www.kreacjajezyka.pl\/wp-content\/uploads\/2024\/04\/5-3.png 1640w, https:\/\/www.kreacjajezyka.pl\/wp-content\/uploads\/2024\/04\/5-3-300x169.png 300w, https:\/\/www.kreacjajezyka.pl\/wp-content\/uploads\/2024\/04\/5-3-1024x577.png 1024w, https:\/\/www.kreacjajezyka.pl\/wp-content\/uploads\/2024\/04\/5-3-768x433.png 768w, https:\/\/www.kreacjajezyka.pl\/wp-content\/uploads\/2024\/04\/5-3-1536x865.png 1536w\" sizes=\"(max-width: 1640px) 100vw, 1640px\" \/><\/figure>\n<\/div>\n","protected":false},"excerpt":{"rendered":"<p>FUNTOWN Wyobra\u017a sobie kurs j\u0119zykowy, podczas kt\u00f3rego dzieci graj\u0105 w gr\u0119 planszow\u0105\u2026.Wyobra\u017a sobie zaanga\u017cowane dzieci, kt\u00f3re nie czuj\u0105c, \u017ce si\u0119 ucz\u0105, wykonuj\u0105 setki\u0107wicze\u0144 komunikacyjnych i przyswajaj\u0105 struktury gramatyczne. Dla nich to tylko gra.Porywaj\u0105ca, zaskakuj\u0105ca, zabawna. Ale Ty dobrze wiesz, \u017ce dzi\u0119ki niej&#8230;<\/p>\n","protected":false},"author":1,"featured_media":0,"parent":0,"menu_order":0,"comment_status":"closed","ping_status":"closed","template":"full-width.php","meta":[],"_links":{"self":[{"href":"https:\/\/www.kreacjajezyka.pl\/index.php?rest_route=\/wp\/v2\/pages\/1039"}],"collection":[{"href":"https:\/\/www.kreacjajezyka.pl\/index.php?rest_route=\/wp\/v2\/pages"}],"about":[{"href":"https:\/\/www.kreacjajezyka.pl\/index.php?rest_route=\/wp\/v2\/types\/page"}],"author":[{"embeddable":true,"href":"https:\/\/www.kreacjajezyka.pl\/index.php?rest_route=\/wp\/v2\/users\/1"}],"replies":[{"embeddable":true,"href":"https:\/\/www.kreacjajezyka.pl\/index.php?rest_route=%2Fwp%2Fv2%2Fcomments&post=1039"}],"version-history":[{"count":7,"href":"https:\/\/www.kreacjajezyka.pl\/index.php?rest_route=\/wp\/v2\/pages\/1039\/revisions"}],"predecessor-version":[{"id":5959,"href":"https:\/\/www.kreacjajezyka.pl\/index.php?rest_route=\/wp\/v2\/pages\/1039\/revisions\/5959"}],"wp:attachment":[{"href":"https:\/\/www.kreacjajezyka.pl\/index.php?rest_route=%2Fwp%2Fv2%2Fmedia&parent=1039"}],"curies":[{"name":"wp","href":"https:\/\/api.w.org\/{rel}","templated":true}]}}