{"id":283,"date":"2023-04-28T10:30:18","date_gmt":"2023-04-28T10:30:18","guid":{"rendered":"https:\/\/demo.sparklewpthemes.com\/educenter\/sparkedu\/?page_id=283"},"modified":"2023-07-24T10:34:25","modified_gmt":"2023-07-24T10:34:25","slug":"about-us","status":"publish","type":"page","link":"https:\/\/www.kreacjajezyka.pl\/?page_id=283","title":{"rendered":"O Nas"},"content":{"rendered":"\n<div class=\"wp-block-cover alignfull\" style=\"min-height:301px\"><span aria-hidden=\"true\" class=\"wp-block-cover__background has-background-dim-60 has-background-dim\" style=\"background-color:#3c3ddc\"><\/span><img decoding=\"async\" loading=\"lazy\" width=\"1500\" height=\"885\" class=\"wp-block-cover__image-background wp-image-291\" alt=\"\" src=\"https:\/\/www.kreacjajezyka.pl\/wp-content\/uploads\/2023\/04\/img01-1.jpeg\" style=\"object-position:51% 65%\" data-object-fit=\"cover\" data-object-position=\"51% 65%\" srcset=\"https:\/\/www.kreacjajezyka.pl\/wp-content\/uploads\/2023\/04\/img01-1.jpeg 1500w, https:\/\/www.kreacjajezyka.pl\/wp-content\/uploads\/2023\/04\/img01-1-300x177.jpeg 300w, https:\/\/www.kreacjajezyka.pl\/wp-content\/uploads\/2023\/04\/img01-1-1024x604.jpeg 1024w, https:\/\/www.kreacjajezyka.pl\/wp-content\/uploads\/2023\/04\/img01-1-768x453.jpeg 768w\" sizes=\"(max-width: 1500px) 100vw, 1500px\" \/><div class=\"wp-block-cover__inner-container\"><h2 class=\"has-text-align-center has-text-color has-background-color wp-block-post-title has-huge-font-size has-poppins-font-family\">O Nas<\/h2><\/div><\/div>\n\n\n\n<div class=\"wp-block-group alignwide has-background is-layout-constrained\" style=\"background-color:#f9f9fb;margin-top:0;margin-bottom:0;padding-top:var(--wp--preset--spacing--80);padding-bottom:var(--wp--preset--spacing--80)\">\n<div class=\"wp-block-columns alignwide is-layout-flex wp-container-4\">\n<div class=\"wp-block-column is-layout-flow wp-container-2\">\n<div class=\"wp-block-group is-nowrap is-layout-flex wp-container-1\">\n<hr class=\"wp-block-separator has-text-color has-alpha-channel-opacity has-background hide-on-mobile\" style=\"background-color:#f5812d;color:#f5812d\"\/>\n\n\n\n<p class=\"has-text-color has-poppins-font-family has-tiny-font-size\" style=\"color:#f5812d\">O NAS<\/p>\n<\/div>\n\n\n\n<h3 class=\"wp-block-heading has-poppins-font-family has-slider-title-font-size\" style=\"font-style:normal;font-weight:600\">Dlaczego nasi kursanci wybieraj\u0105 nasz\u0105 szko\u0142\u0119 do rozwijania swoich umiej\u0119tno\u015bci j\u0119zykowych?<\/h3>\n<\/div>\n\n\n\n<div class=\"wp-block-column is-vertically-aligned-center is-layout-flow\">\n<p class=\"has-poppins-font-family has-small-font-size\">Stawiamy na praktyk\u0119! Jako jedni z nielicznych w Tomaszowie prowadzimy nasze zaj\u0119cia opieraj\u0105c si\u0119 o metod\u0119 bezpo\u015bredni\u0105, kt\u00f3ra pozwala na m\u00f3wienie w j\u0119zyku obcym od pierwszych zaj\u0119\u0107. <br><br>Prze\u0142amujemy barier\u0119 j\u0119zykow\u0105, kt\u00f3r\u0105 nasi kursanci wskazuj\u0105 jako jeden z g\u0142\u00f3wnych problem\u00f3w komunikowania si\u0119 w j\u0119zyku obcym. Produkcja j\u0119zykowa to najwa\u017cniejsza umiej\u0119tno\u015b\u0107 w etapie nauki, kt\u00f3r\u0105 ci\u0119\u017cko jest nauczy\u0107 si\u0119 szybko tradycyjnymi metodami.<\/p>\n<\/div>\n<\/div>\n<\/div>\n\n\n\n<div class=\"wp-block-group alignwide is-layout-constrained\">\n<div class=\"wp-block-columns alignwide is-layout-flex wp-container-26\">\n<div class=\"wp-block-column is-layout-flow\">\n<div class=\"wp-block-group has-shadow-dark is-layout-constrained wp-container-8\" style=\"border-radius:9px;padding-top:var(--wp--preset--spacing--60);padding-right:var(--wp--preset--spacing--50);padding-bottom:var(--wp--preset--spacing--60);padding-left:var(--wp--preset--spacing--50)\">\n<div class=\"wp-block-group is-content-justification-center is-nowrap is-layout-flex wp-container-7\">\n<div class=\"wp-block-group has-background-color has-text-color has-background is-layout-constrained\" style=\"border-radius:95px;background-color:#f5812d;padding-top:var(--wp--preset--spacing--50);padding-right:var(--wp--preset--spacing--50);padding-bottom:var(--wp--preset--spacing--50);padding-left:var(--wp--preset--spacing--50)\"><p class=\"wp-block-paragraph dashicons dashicons-book has-sp-icon has-background-color has-text-color has-slider-title-font-size\" data-icon=\"dashicons-book\"><\/p>\n<\/div>\n<\/div>\n\n\n\n<h2 class=\"wp-block-heading has-text-align-center has-poppins-font-family has-content-heading-font-size\"><br>Materia\u0142y do nauki<\/h2>\n<\/div>\n<\/div>\n\n\n\n<div class=\"wp-block-column is-layout-flow\">\n<div class=\"wp-block-group has-shadow-dark is-layout-constrained wp-container-12\" style=\"border-radius:9px;padding-top:var(--wp--preset--spacing--60);padding-right:var(--wp--preset--spacing--50);padding-bottom:var(--wp--preset--spacing--60);padding-left:var(--wp--preset--spacing--50)\">\n<div class=\"wp-block-group is-content-justification-center is-nowrap is-layout-flex wp-container-11\">\n<div class=\"wp-block-group has-background-color has-dark-blue-background-color has-text-color has-background is-layout-constrained\" style=\"border-radius:95px;padding-top:var(--wp--preset--spacing--50);padding-right:var(--wp--preset--spacing--50);padding-bottom:var(--wp--preset--spacing--50);padding-left:var(--wp--preset--spacing--50)\"><p class=\"wp-block-paragraph dashicons dashicons-schedule has-sp-icon has-background-color has-text-color has-slider-title-font-size\" data-icon=\"dashicons-schedule\"><\/p>\n<\/div>\n<\/div>\n\n\n\n<h2 class=\"wp-block-heading has-text-align-center has-poppins-font-family has-content-heading-font-size\"><br>Cena<\/h2>\n<\/div>\n<\/div>\n\n\n\n<div class=\"wp-block-column is-layout-flow\">\n<div class=\"wp-block-group has-shadow-dark is-layout-constrained wp-container-16\" style=\"border-radius:9px;padding-top:var(--wp--preset--spacing--60);padding-right:var(--wp--preset--spacing--50);padding-bottom:var(--wp--preset--spacing--60);padding-left:var(--wp--preset--spacing--50)\">\n<div class=\"wp-block-group is-content-justification-center is-nowrap is-layout-flex wp-container-15\">\n<div class=\"wp-block-group has-background-color has-text-color has-background is-layout-constrained\" style=\"border-radius:95px;background-color:#f5812d;padding-top:var(--wp--preset--spacing--50);padding-right:var(--wp--preset--spacing--50);padding-bottom:var(--wp--preset--spacing--50);padding-left:var(--wp--preset--spacing--50)\"><p class=\"wp-block-paragraph dashicons dashicons-location-alt has-sp-icon has-background-color has-text-color has-slider-title-font-size\" data-icon=\"dashicons-location-alt\"><\/p>\n<\/div>\n<\/div>\n\n\n\n<h2 class=\"wp-block-heading has-text-align-center has-poppins-font-family has-content-heading-font-size\"><br>Lokalizacja<\/h2>\n<\/div>\n<\/div>\n\n\n\n<div class=\"wp-block-column is-layout-flow\">\n<div class=\"wp-block-group has-shadow-dark is-layout-constrained wp-container-20\" style=\"border-radius:9px;padding-top:var(--wp--preset--spacing--60);padding-right:var(--wp--preset--spacing--50);padding-bottom:var(--wp--preset--spacing--60);padding-left:var(--wp--preset--spacing--50)\">\n<div class=\"wp-block-group is-content-justification-center is-nowrap is-layout-flex wp-container-19\">\n<div class=\"wp-block-group has-background-color has-dark-blue-background-color has-text-color has-background is-layout-constrained\" style=\"border-radius:95px;padding-top:var(--wp--preset--spacing--50);padding-right:var(--wp--preset--spacing--50);padding-bottom:var(--wp--preset--spacing--50);padding-left:var(--wp--preset--spacing--50)\"><p class=\"wp-block-paragraph dashicons dashicons-admin-users has-sp-icon has-background-color has-text-color has-slider-title-font-size\" data-icon=\"dashicons-admin-users\"><\/p>\n<\/div>\n<\/div>\n\n\n\n<h2 class=\"wp-block-heading has-text-align-center has-poppins-font-family has-content-heading-font-size\"><br>Profesjonalni lektorzy<\/h2>\n<\/div>\n<\/div>\n\n\n\n<div class=\"wp-block-column is-layout-flow\">\n<div class=\"wp-block-group has-shadow-dark is-layout-constrained wp-container-24\" style=\"border-radius:9px;padding-top:var(--wp--preset--spacing--60);padding-right:var(--wp--preset--spacing--50);padding-bottom:var(--wp--preset--spacing--60);padding-left:var(--wp--preset--spacing--50)\">\n<div class=\"wp-block-group is-content-justification-center is-nowrap is-layout-flex wp-container-23\">\n<div class=\"wp-block-group has-background-color has-text-color has-background is-layout-constrained\" style=\"border-radius:95px;background-color:#f5812d;padding-top:var(--wp--preset--spacing--50);padding-right:var(--wp--preset--spacing--50);padding-bottom:var(--wp--preset--spacing--50);padding-left:var(--wp--preset--spacing--50)\"><p class=\"wp-block-paragraph dashicons dashicons-admin-tools has-sp-icon has-background-color has-text-color has-slider-title-font-size\" data-icon=\"dashicons-admin-tools\"><\/p>\n<\/div>\n<\/div>\n\n\n\n<h2 class=\"wp-block-heading has-text-align-center has-poppins-font-family has-content-heading-font-size\"><br>Efektywne metody<\/h2>\n<\/div>\n<\/div>\n<\/div>\n<\/div>\n\n\n\n<div class=\"wp-block-group alignwide is-layout-constrained\" style=\"padding-top:80px;padding-bottom:100px\">\n<div class=\"wp-block-columns alignwide is-layout-flex wp-container-38\">\n<div class=\"wp-block-column is-layout-flow wp-container-31\" style=\"flex-basis:40%\">\n<div class=\"wp-block-group has-shadow-dark has-position2 has-background is-layout-constrained wp-container-29\" style=\"border-radius:7px;background-color:#f5812d;padding-top:50px;padding-right:50px;padding-bottom:50px;padding-left:50px\">\n<h2 class=\"wp-block-heading has-background-color has-text-color has-poppins-font-family has-large-font-size\" style=\"margin-bottom:20px\">Sukces naszych s\u0142uchaczy jest naszym g\u0142\u00f3wnym celem!<\/h2>\n\n\n\n<p class=\"has-background-color has-text-color has-poppins-font-family has-small-font-size\" style=\"margin-bottom:20px\">Przy wyborze metod nauczania w r\u00f3\u017cnych kursach stawiamy na efektywno\u015b\u0107. Ko\u0144cowy efekt w postaci zadowolenia naszych uczni\u00f3w z osi\u0105ganych post\u0119p\u00f3w jest dla nas kluczem. <\/p>\n\n\n\n<div class=\"wp-block-buttons is-layout-flex\">\n<div class=\"wp-block-button is-style-fill has-poppins-font-family\"><a class=\"wp-block-button__link has-background-color has-dark-blue-background-color has-text-color has-background wp-element-button\" href=\"https:\/\/kreacjajezyka.dlpro.eu\/Registration\" style=\"border-radius:25px\">Zarejestruj si\u0119!<\/a><\/div>\n<\/div>\n<\/div>\n\n\n\n<div class=\"wp-block-group image-set10 hide-on-mobile is-layout-constrained\">\n<figure class=\"wp-block-image size-full\"><img decoding=\"async\" loading=\"lazy\" width=\"156\" height=\"156\" src=\"https:\/\/www.kreacjajezyka.pl\/wp-content\/uploads\/2023\/04\/img03-1.png\" alt=\"\" class=\"wp-image-589\" srcset=\"https:\/\/www.kreacjajezyka.pl\/wp-content\/uploads\/2023\/04\/img03-1.png 156w, https:\/\/www.kreacjajezyka.pl\/wp-content\/uploads\/2023\/04\/img03-1-150x150.png 150w\" sizes=\"(max-width: 156px) 100vw, 156px\" \/><\/figure>\n<\/div>\n<\/div>\n\n\n\n<div class=\"wp-block-column is-layout-flow wp-container-37\">\n<div class=\"wp-block-group testimonial-image2 hide-on-mobile is-layout-constrained\">\n<figure class=\"wp-block-image aligncenter size-full\"><img decoding=\"async\" loading=\"lazy\" width=\"176\" height=\"193\" src=\"https:\/\/www.kreacjajezyka.pl\/wp-content\/uploads\/2023\/04\/img05.png\" alt=\"\" class=\"wp-image-49\"\/><\/figure>\n<\/div>\n\n\n\n<div class=\"wp-block-group is-layout-constrained\">\n<div class=\"wp-block-cover is-light call-box-set-2\"><span aria-hidden=\"true\" class=\"wp-block-cover__background has-background-dim-10 has-background-dim\"><\/span><img decoding=\"async\" loading=\"lazy\" width=\"1200\" height=\"800\" class=\"wp-block-cover__image-background wp-image-560\" alt=\"\" src=\"https:\/\/www.kreacjajezyka.pl\/wp-content\/uploads\/2023\/04\/img020.jpg\" data-object-fit=\"cover\" srcset=\"https:\/\/www.kreacjajezyka.pl\/wp-content\/uploads\/2023\/04\/img020.jpg 1200w, https:\/\/www.kreacjajezyka.pl\/wp-content\/uploads\/2023\/04\/img020-300x200.jpg 300w, https:\/\/www.kreacjajezyka.pl\/wp-content\/uploads\/2023\/04\/img020-1024x683.jpg 1024w, https:\/\/www.kreacjajezyka.pl\/wp-content\/uploads\/2023\/04\/img020-768x512.jpg 768w\" sizes=\"(max-width: 1200px) 100vw, 1200px\" \/><div class=\"wp-block-cover__inner-container\">\n<div class=\"wp-block-group is-layout-constrained\"><\/div>\n\n\n\n<div class=\"wp-block-group is-content-justification-center is-nowrap is-layout-flex wp-container-35\">\n<div class=\"wp-block-group box-shadow-ripples is-justify-center has-dark-blue-background-color has-background is-layout-constrained wp-container-34\" style=\"padding-top:0;padding-right:0;padding-bottom:0;padding-left:0\">\n<p class=\"has-text-align-center dashicons dashicons-youtube is-justify-center has-slider-title-font-size\" style=\"margin-top:0;margin-right:0;margin-bottom:0;margin-left:0;padding-top:0;padding-right:0;padding-bottom:0;padding-left:0\"><a href=\"https:\/\/www.youtube.com\/watch?v=Y7tj4OhBgPQ\" data-type=\"URL\" data-id=\"https:\/\/www.youtube.com\/watch?v=Y7tj4OhBgPQ\" target=\"_blank\" rel=\"noreferrer noopener\">https:\/\/www.youtube.com\/watch?v=Y7tj4OhBgPQ<\/a><\/p>\n<\/div>\n<\/div>\n<\/div><\/div>\n<\/div>\n<\/div>\n<\/div>\n<\/div>\n\n\n\n<div class=\"wp-block-group alignfull has-dark-blue-background-color has-background is-layout-constrained\" style=\"margin-top:0;margin-bottom:0\">\n<div class=\"wp-block-group alignwide news-box is-layout-constrained\" style=\"border-radius:10px\">\n<div class=\"wp-block-cover alignwide\" style=\"min-height:222px\"><span aria-hidden=\"true\" class=\"wp-block-cover__background has-dark-blue-background-color has-background-dim-100 has-background-dim\"><\/span><div class=\"wp-block-cover__inner-container\">\n<div class=\"wp-block-group alignfull is-content-justification-space-between is-nowrap is-layout-flex wp-container-50\">\n<div class=\"wp-block-group has-news-image hide-on-mobile is-layout-constrained\">\n<figure class=\"wp-block-image size-full\"><img decoding=\"async\" loading=\"lazy\" width=\"176\" height=\"193\" src=\"https:\/\/www.kreacjajezyka.pl\/wp-content\/uploads\/2023\/04\/img05.png\" alt=\"\" class=\"wp-image-49\"\/><\/figure>\n<\/div>\n\n\n\n<div class=\"wp-block-group is-layout-constrained\">\n<div class=\"wp-block-columns alignwide box-position is-layout-flex wp-container-47\">\n<div class=\"wp-block-column is-layout-flow\">\n<div class=\"wp-block-group is-layout-constrained wp-container-43\">\n<div class=\"wp-block-group is-content-justification-left is-nowrap is-layout-flex wp-container-42\">\n<div class=\"wp-block-group hide-on-mobile is-layout-constrained\">\n<hr class=\"wp-block-separator has-text-color has-alpha-channel-opacity has-background\" style=\"background-color:#f5812d;color:#f5812d\"\/>\n<\/div>\n\n\n\n<p class=\"has-text-color has-poppins-font-family has-tiny-font-size\" style=\"color:#f5812d\">Do\u0142\u0105cz do nas<\/p>\n<\/div>\n\n\n\n<h2 class=\"wp-block-heading has-poppins-font-family has-slider-title-font-size\" style=\"margin-top:5px;line-height:1.1\">Zapisz si\u0119 do naszej szko\u0142y teraz i we\u017a udzia\u0142 w darmowej lekcji pr\u00f3bnej !<\/h2>\n<\/div>\n<\/div>\n\n\n\n<div class=\"wp-block-column is-layout-flow\">\n<div class=\"wp-block-group is-layout-constrained\" style=\"padding-top:30px\">\n\n\n<p><\/p>\n<\/div>\n<\/div>\n<\/div>\n<\/div>\n\n\n\n<div class=\"wp-block-group has-news-image2 hide-on-mobile is-layout-constrained\">\n<figure class=\"wp-block-image size-full\"><img decoding=\"async\" loading=\"lazy\" width=\"156\" height=\"156\" src=\"https:\/\/www.kreacjajezyka.pl\/wp-content\/uploads\/2023\/04\/img03-1.png\" alt=\"\" class=\"wp-image-589\" srcset=\"https:\/\/www.kreacjajezyka.pl\/wp-content\/uploads\/2023\/04\/img03-1.png 156w, https:\/\/www.kreacjajezyka.pl\/wp-content\/uploads\/2023\/04\/img03-1-150x150.png 150w\" sizes=\"(max-width: 156px) 100vw, 156px\" \/><\/figure>\n<\/div>\n<\/div>\n<\/div><\/div>\n<\/div>\n<\/div>\n","protected":false},"excerpt":{"rendered":"<p>O NAS Dlaczego nasi kursanci wybieraj\u0105 nasz\u0105 szko\u0142\u0119 do rozwijania swoich umiej\u0119tno\u015bci j\u0119zykowych? Stawiamy na praktyk\u0119! Jako jedni z nielicznych w Tomaszowie prowadzimy nasze zaj\u0119cia opieraj\u0105c si\u0119 o metod\u0119 bezpo\u015bredni\u0105, kt\u00f3ra pozwala na m\u00f3wienie w j\u0119zyku obcym od pierwszych zaj\u0119\u0107. Prze\u0142amujemy barier\u0119&#8230;<\/p>\n","protected":false},"author":1,"featured_media":0,"parent":0,"menu_order":0,"comment_status":"closed","ping_status":"closed","template":"full-width.php","meta":[],"_links":{"self":[{"href":"https:\/\/www.kreacjajezyka.pl\/index.php?rest_route=\/wp\/v2\/pages\/283"}],"collection":[{"href":"https:\/\/www.kreacjajezyka.pl\/index.php?rest_route=\/wp\/v2\/pages"}],"about":[{"href":"https:\/\/www.kreacjajezyka.pl\/index.php?rest_route=\/wp\/v2\/types\/page"}],"author":[{"embeddable":true,"href":"https:\/\/www.kreacjajezyka.pl\/index.php?rest_route=\/wp\/v2\/users\/1"}],"replies":[{"embeddable":true,"href":"https:\/\/www.kreacjajezyka.pl\/index.php?rest_route=%2Fwp%2Fv2%2Fcomments&post=283"}],"version-history":[{"count":6,"href":"https:\/\/www.kreacjajezyka.pl\/index.php?rest_route=\/wp\/v2\/pages\/283\/revisions"}],"predecessor-version":[{"id":5803,"href":"https:\/\/www.kreacjajezyka.pl\/index.php?rest_route=\/wp\/v2\/pages\/283\/revisions\/5803"}],"wp:attachment":[{"href":"https:\/\/www.kreacjajezyka.pl\/index.php?rest_route=%2Fwp%2Fv2%2Fmedia&parent=283"}],"curies":[{"name":"wp","href":"https:\/\/api.w.org\/{rel}","templated":true}]}}