{"id":5752,"date":"2023-05-03T07:49:37","date_gmt":"2023-05-03T07:49:37","guid":{"rendered":"https:\/\/demo.sparklewpthemes.com\/educenter\/sparkedu\/?page_id=5752"},"modified":"2025-06-02T10:31:08","modified_gmt":"2025-06-02T10:31:08","slug":"contact-us-2","status":"publish","type":"page","link":"https:\/\/www.kreacjajezyka.pl\/?page_id=5752","title":{"rendered":"Kontakt"},"content":{"rendered":"\n<div class=\"wp-block-cover alignfull\" style=\"min-height:301px\"><span aria-hidden=\"true\" class=\"wp-block-cover__background has-background-dim-60 has-background-dim\" style=\"background-color:#3c3ddc\"><\/span><img decoding=\"async\" loading=\"lazy\" width=\"1500\" height=\"885\" class=\"wp-block-cover__image-background wp-image-291\" alt=\"\" src=\"https:\/\/www.kreacjajezyka.pl\/wp-content\/uploads\/2023\/04\/img01-1.jpeg\" style=\"object-position:51% 65%\" data-object-fit=\"cover\" data-object-position=\"51% 65%\" srcset=\"https:\/\/www.kreacjajezyka.pl\/wp-content\/uploads\/2023\/04\/img01-1.jpeg 1500w, https:\/\/www.kreacjajezyka.pl\/wp-content\/uploads\/2023\/04\/img01-1-300x177.jpeg 300w, https:\/\/www.kreacjajezyka.pl\/wp-content\/uploads\/2023\/04\/img01-1-1024x604.jpeg 1024w, https:\/\/www.kreacjajezyka.pl\/wp-content\/uploads\/2023\/04\/img01-1-768x453.jpeg 768w\" sizes=\"(max-width: 1500px) 100vw, 1500px\" \/><div class=\"wp-block-cover__inner-container\"><h2 class=\"has-text-align-center has-text-color has-background-color wp-block-post-title has-huge-font-size has-poppins-font-family\">Kontakt<\/h2><\/div><\/div>\n\n\n\n<div class=\"wp-block-group alignfull has-background is-layout-constrained\" style=\"background-color:#f9f9fb;margin-top:0;margin-bottom:0;padding-top:100px\">\n<div class=\"wp-block-columns alignwide is-layout-flex wp-container-8\">\n<div class=\"wp-block-column is-layout-flow wp-container-3\">\n<div class=\"wp-block-group is-layout-constrained\">\n<figure class=\"wp-block-image size-large\"><img decoding=\"async\" loading=\"lazy\" width=\"1000\" height=\"1024\" src=\"https:\/\/www.kreacjajezyka.pl\/wp-content\/uploads\/2023\/05\/Group-1-12-1000x1024.png\" alt=\"\" class=\"wp-image-5681\" srcset=\"https:\/\/www.kreacjajezyka.pl\/wp-content\/uploads\/2023\/05\/Group-1-12-1000x1024.png 1000w, https:\/\/www.kreacjajezyka.pl\/wp-content\/uploads\/2023\/05\/Group-1-12-293x300.png 293w, https:\/\/www.kreacjajezyka.pl\/wp-content\/uploads\/2023\/05\/Group-1-12-768x787.png 768w, https:\/\/www.kreacjajezyka.pl\/wp-content\/uploads\/2023\/05\/Group-1-12.png 1106w\" sizes=\"(max-width: 1000px) 100vw, 1000px\" \/><\/figure>\n<\/div>\n\n\n\n<div class=\"wp-block-group sp-position-relative spposition-top--55 has-primary-background-color has-background is-layout-constrained wp-container-2\" style=\"border-radius:10px;padding-top:30px;padding-right:30px;padding-bottom:30px;padding-left:30px\">\n<h2 class=\"wp-block-heading has-background-color has-text-color has-poppins-font-family has-large-font-size\">Skontaktuj si\u0119 z nami !<\/h2>\n\n\n\n<p class=\"has-background-color has-text-color has-poppins-font-family has-small-font-size\">Jeste\u015bmy dla Pa\u0144stwa dost\u0119pni od poniedzia\u0142ku do soboty i oferujemy r\u00f3\u017cne formy kontaktu. Rozpoczynaj\u0105c od platformy dla naszych s\u0142uchaczy przez e-mail czy telefon lub osobi\u015bcie w godzinach prowadzenia zaj\u0119\u0107. <\/p>\n<\/div>\n<\/div>\n\n\n\n<div class=\"wp-block-column is-layout-flow\">\n<div class=\"wp-block-group is-layout-constrained wp-container-5\">\n<div class=\"wp-block-group is-nowrap is-layout-flex wp-container-4\">\n<hr class=\"wp-block-separator has-text-color has-primary-color has-alpha-channel-opacity has-primary-background-color has-background\"\/>\n\n\n\n<p class=\"has-primary-color has-text-color has-poppins-font-family has-tiny-font-size\">Kontakt<\/p>\n<\/div>\n\n\n\n<h2 class=\"wp-block-heading has-poppins-font-family has-slider-title-font-size\" style=\"margin-top:15px;margin-bottom:20px\">Skontaktuj si\u0119 z nami !<\/h2>\n\n\n\n<p class=\"has-poppins-font-family has-small-font-size\" style=\"margin-bottom:20px\">Zach\u0119camy Was do kontaktu telefonicznego lub poprzez e-mail. W razie potrzeby jeste\u015bmy r\u00f3wnie\u017c w naszej siedzibie w godzinach prowadzenia zaj\u0119\u0107. <\/p>\n<\/div>\n\n\n\n<div class=\"wp-block-group has-shadow-dark has-background-background-color has-background is-layout-constrained\" style=\"border-radius:10px;padding-top:50px;padding-right:50px;padding-bottom:50px;padding-left:50px\">\n<div class=\"wpcf7 no-js\" id=\"wpcf7-f158-o1\" lang=\"en-US\" dir=\"ltr\">\n<div class=\"screen-reader-response\"><p role=\"status\" aria-live=\"polite\" aria-atomic=\"true\"><\/p> <ul><\/ul><\/div>\n<form action=\"\/index.php?rest_route=%2Fwp%2Fv2%2Fpages%2F5752#wpcf7-f158-o1\" method=\"post\" class=\"wpcf7-form init\" aria-label=\"Contact form\" novalidate=\"novalidate\" data-status=\"init\">\n<div style=\"display: none;\">\n<input type=\"hidden\" name=\"_wpcf7\" value=\"158\" \/>\n<input type=\"hidden\" name=\"_wpcf7_version\" value=\"5.8.7\" \/>\n<input type=\"hidden\" name=\"_wpcf7_locale\" value=\"en_US\" \/>\n<input type=\"hidden\" name=\"_wpcf7_unit_tag\" value=\"wpcf7-f158-o1\" \/>\n<input type=\"hidden\" name=\"_wpcf7_container_post\" value=\"0\" \/>\n<input type=\"hidden\" name=\"_wpcf7_posted_data_hash\" value=\"\" \/>\n<\/div>\n<p><label style=\"display:flex\"><br \/>\n<span class=\"wpcf7-form-control-wrap\" data-name=\"your-name\"><input size=\"40\" class=\"wpcf7-form-control wpcf7-text wpcf7-validates-as-required\" autocomplete=\"name\" aria-required=\"true\" aria-invalid=\"false\" placeholder=\"Imi\u0119..\" value=\"\" type=\"text\" name=\"your-name\" \/><\/span>&nbsp;<br \/>\n<span class=\"wpcf7-form-control-wrap\" data-name=\"your-email\"><input size=\"40\" class=\"wpcf7-form-control wpcf7-email wpcf7-validates-as-required wpcf7-text wpcf7-validates-as-email\" autocomplete=\"email\" aria-required=\"true\" aria-invalid=\"false\" placeholder=\"Email..\" value=\"\" type=\"email\" name=\"your-email\" \/><\/span><br \/>\n<\/label><br \/>\n<label style=\"display:flex\"><br \/>\n<span class=\"wpcf7-form-control-wrap\" data-name=\"your-tel\"><input size=\"40\" class=\"wpcf7-form-control wpcf7-tel wpcf7-validates-as-required wpcf7-text wpcf7-validates-as-tel\" autocomplete=\"tel\" aria-required=\"true\" aria-invalid=\"false\" placeholder=\"Telefon..\" value=\"\" type=\"tel\" name=\"your-tel\" \/><\/span>&nbsp;<br \/>\n<span class=\"wpcf7-form-control-wrap\" data-name=\"your-subject\"><input size=\"40\" class=\"wpcf7-form-control wpcf7-text wpcf7-validates-as-required\" aria-required=\"true\" aria-invalid=\"false\" placeholder=\"J\u0119zyk..\" value=\"\" type=\"text\" name=\"your-subject\" \/><\/span>&nbsp;<br \/>\n<input class=\"wpcf7-form-control wpcf7-submit has-spinner btn btn-primary\" type=\"submit\" value=\"Wy\u015blij!\" \/><br \/>\n<\/label>\n<\/p><div class=\"wpcf7-response-output\" aria-hidden=\"true\"><\/div>\n<\/form>\n<\/div>\n\n<\/div>\n<\/div>\n<\/div>\n<\/div>\n\n\n\n<div class=\"wp-block-group alignfull has-background is-layout-constrained\" style=\"background-color:#f9f9fb;margin-top:0;margin-bottom:0;padding-bottom:100px\">\n<div class=\"wp-block-columns alignwide is-layout-flex wp-container-26\">\n<div class=\"wp-block-column is-layout-flow\">\n<div class=\"wp-block-group has-background-background-color has-background is-layout-constrained wp-container-12\" style=\"border-radius:10px;padding-top:30px;padding-right:30px;padding-bottom:20px;padding-left:30px\">\n<div class=\"wp-block-group is-content-justification-center is-nowrap is-layout-flex wp-container-11\" style=\"margin-bottom:20px\">\n<div class=\"wp-block-group has-background-color has-secondary-background-color has-text-color has-background has-slider-title-font-size is-layout-constrained\" style=\"border-radius:100px;padding-top:20px;padding-right:20px;padding-bottom:20px;padding-left:20px\"><p class=\"wp-block-paragraph dashicons dashicons-location has-sp-icon has-background-color has-text-color has-slider-title-font-size\" data-icon=\"dashicons-location\"><\/p>\n<\/div>\n<\/div>\n\n\n\n<h3 class=\"wp-block-heading has-text-align-center has-poppins-font-family has-content-heading-font-size\" style=\"margin-bottom:12px;font-style:normal;font-weight:500\">Siedziba<\/h3>\n\n\n\n<p class=\"has-text-align-center has-poppins-font-family has-small-font-size\"><\/p>\n\n\n\n<p class=\"has-text-align-center has-poppins-font-family has-small-font-size\">Pl. Ko\u015bciuszki 17 lok.3  Tomasz\u00f3w Mazowiecki<\/p>\n<\/div>\n<\/div>\n\n\n\n<div class=\"wp-block-column is-layout-flow\">\n<div class=\"wp-block-group has-background-background-color has-background is-layout-constrained wp-container-16\" style=\"border-radius:10px;padding-top:30px;padding-right:30px;padding-bottom:20px;padding-left:30px\">\n<div class=\"wp-block-group is-content-justification-center is-nowrap is-layout-flex wp-container-15\" style=\"margin-bottom:20px\">\n<div class=\"wp-block-group has-background-color has-primary-background-color has-text-color has-background has-slider-title-font-size is-layout-constrained\" style=\"border-radius:100px;padding-top:20px;padding-right:20px;padding-bottom:20px;padding-left:20px\"><p class=\"wp-block-paragraph dashicons dashicons-clock has-sp-icon has-background-color has-text-color has-slider-title-font-size\" data-icon=\"dashicons-clock\"><\/p>\n<\/div>\n<\/div>\n\n\n\n<h3 class=\"wp-block-heading has-text-align-center has-poppins-font-family has-content-heading-font-size\" style=\"margin-bottom:12px;font-style:normal;font-weight:500\">Godziny Kontaktu<\/h3>\n\n\n\n<p class=\"has-text-align-center has-poppins-font-family has-small-font-size\">Pon-Pt : 10:00-20:00 Sobota : 12:00-16:00 <\/p>\n<\/div>\n<\/div>\n\n\n\n<div class=\"wp-block-column is-layout-flow\">\n<div class=\"wp-block-group has-background-background-color has-background is-layout-constrained wp-container-20\" style=\"border-radius:10px;padding-top:30px;padding-right:30px;padding-bottom:20px;padding-left:30px\">\n<div class=\"wp-block-group is-content-justification-center is-nowrap is-layout-flex wp-container-19\" style=\"margin-bottom:20px\">\n<div class=\"wp-block-group has-background-color has-secondary-background-color has-text-color has-background has-slider-title-font-size is-layout-constrained\" style=\"border-radius:100px;padding-top:20px;padding-right:20px;padding-bottom:20px;padding-left:20px\"><p class=\"wp-block-paragraph dashicons dashicons-smartphone has-sp-icon has-background-color has-text-color has-slider-title-font-size\" data-icon=\"dashicons-smartphone\"><\/p>\n<\/div>\n<\/div>\n\n\n\n<h3 class=\"wp-block-heading has-text-align-center has-poppins-font-family has-content-heading-font-size\" style=\"margin-bottom:12px;font-style:normal;font-weight:500\">Telefon<\/h3>\n\n\n\n<p class=\"has-text-align-center has-poppins-font-family has-small-font-size\"> <\/p>\n\n\n\n<p class=\"has-text-align-center has-poppins-font-family has-small-font-size\">+48 725-77-35-77<\/p>\n<\/div>\n<\/div>\n\n\n\n<div class=\"wp-block-column is-layout-flow\">\n<div class=\"wp-block-group has-background-background-color has-background is-layout-constrained wp-container-24\" style=\"border-radius:10px;padding-top:30px;padding-right:30px;padding-bottom:20px;padding-left:30px\">\n<div class=\"wp-block-group is-content-justification-center is-nowrap is-layout-flex wp-container-23\" style=\"margin-bottom:20px\">\n<div class=\"wp-block-group has-background-color has-primary-background-color has-text-color has-background has-slider-title-font-size is-layout-constrained\" style=\"border-radius:100px;padding-top:20px;padding-right:20px;padding-bottom:20px;padding-left:20px\"><p class=\"wp-block-paragraph dashicons dashicons-email-alt has-sp-icon has-background-color has-text-color has-slider-title-font-size\" data-icon=\"dashicons-email-alt\"><\/p>\n<\/div>\n<\/div>\n\n\n\n<h3 class=\"wp-block-heading has-text-align-center has-poppins-font-family has-content-heading-font-size\" style=\"margin-bottom:12px;font-style:normal;font-weight:500\">Email <\/h3>\n\n\n\n<p><\/p>\n\n\n\n<p class=\"has-text-align-center has-poppins-font-family has-small-font-size\">kreacjajezyka@gmail.com<\/p>\n<\/div>\n<\/div>\n<\/div>\n<\/div>\n","protected":false},"excerpt":{"rendered":"<p>Skontaktuj si\u0119 z nami ! Jeste\u015bmy dla Pa\u0144stwa dost\u0119pni od poniedzia\u0142ku do soboty i oferujemy r\u00f3\u017cne formy kontaktu. Rozpoczynaj\u0105c od platformy dla naszych s\u0142uchaczy przez e-mail czy telefon lub osobi\u015bcie w godzinach prowadzenia zaj\u0119\u0107. Kontakt Skontaktuj si\u0119 z nami ! Zach\u0119camy Was&#8230;<\/p>\n","protected":false},"author":1,"featured_media":0,"parent":0,"menu_order":0,"comment_status":"closed","ping_status":"closed","template":"full-width.php","meta":[],"_links":{"self":[{"href":"https:\/\/www.kreacjajezyka.pl\/index.php?rest_route=\/wp\/v2\/pages\/5752"}],"collection":[{"href":"https:\/\/www.kreacjajezyka.pl\/index.php?rest_route=\/wp\/v2\/pages"}],"about":[{"href":"https:\/\/www.kreacjajezyka.pl\/index.php?rest_route=\/wp\/v2\/types\/page"}],"author":[{"embeddable":true,"href":"https:\/\/www.kreacjajezyka.pl\/index.php?rest_route=\/wp\/v2\/users\/1"}],"replies":[{"embeddable":true,"href":"https:\/\/www.kreacjajezyka.pl\/index.php?rest_route=%2Fwp%2Fv2%2Fcomments&post=5752"}],"version-history":[{"count":2,"href":"https:\/\/www.kreacjajezyka.pl\/index.php?rest_route=\/wp\/v2\/pages\/5752\/revisions"}],"predecessor-version":[{"id":5999,"href":"https:\/\/www.kreacjajezyka.pl\/index.php?rest_route=\/wp\/v2\/pages\/5752\/revisions\/5999"}],"wp:attachment":[{"href":"https:\/\/www.kreacjajezyka.pl\/index.php?rest_route=%2Fwp%2Fv2%2Fmedia&parent=5752"}],"curies":[{"name":"wp","href":"https:\/\/api.w.org\/{rel}","templated":true}]}}